{"id":66843,"date":"2024-03-28T14:54:32","date_gmt":"2024-03-28T14:54:32","guid":{"rendered":"https:\/\/omegatravels.gr\/?page_id=66843"},"modified":"2025-08-04T10:21:38","modified_gmt":"2025-08-04T10:21:38","slug":"filo","status":"publish","type":"page","link":"https:\/\/omegatravels.gr\/tr\/filo\/","title":{"rendered":"Filo"},"content":{"rendered":"\t\t<div data-elementor-type=\"wp-page\" data-elementor-id=\"66843\" class=\"elementor elementor-66843 elementor-4261\" data-elementor-post-type=\"page\">\n\t\t\t\t<div class=\"e-con-gap-no elementor-element elementor-element-7431bcf animation_type_sequental e-flex e-con-boxed sc_layouts_column_icons_position_left elementor-invisible e-con e-parent\" data-animation-type=\"sequental\" data-animation-stagger=\"\" data-id=\"7431bcf\" data-element_type=\"container\" data-e-type=\"container\" data-settings=\"{&quot;animation&quot;:&quot;elite-fadeinup&quot;,&quot;animation_delay&quot;:100}\">\n\t\t\t\t\t<div class=\"e-con-inner\">\n\t\t<div class=\"elementor-element elementor-element-a8ba3ee e-con-full e-flex sc_layouts_column_icons_position_left e-con e-child\" data-id=\"a8ba3ee\" data-element_type=\"container\" data-e-type=\"container\">\n\t\t\t\t<div class=\"elementor-element elementor-element-8796120 elementor-widget__width-initial sc_fly_static elementor-widget elementor-widget-trx_sc_title\" data-id=\"8796120\" data-element_type=\"widget\" data-e-type=\"widget\" data-widget_type=\"trx_sc_title.default\">\n\t\t\t\t<div class=\"elementor-widget-container\">\n\t\t\t\t\t<div\t\tclass=\"sc_title sc_title_default\" ><span class=\"sc_item_subtitle sc_title_subtitle sc_align_center sc_item_subtitle_above sc_item_title_style_default sc_item_subtitle_with_custom_color trx_addons_inline_61560847\">\u00d6zenle Se\u00e7ilmi\u015f Filomuzla Birinci S\u0131n\u0131f Seyahat Edin<\/span><h2 class=\"sc_item_title sc_title_title sc_align_center sc_item_title_style_default sc_item_title_tag\"\n\t\t\t><span class=\"sc_item_title_text\">Konfor, stil ve performans<\/span><\/h2><\/div>\t\t\t\t<\/div>\n\t\t\t\t<\/div>\n\t\t\t\t<div class=\"elementor-element elementor-element-f60a6bb elementor-widget__width-initial sc_fly_static elementor-widget elementor-widget-text-editor\" data-id=\"f60a6bb\" data-element_type=\"widget\" data-e-type=\"widget\" data-widget_type=\"text-editor.default\">\n\t\t\t\t\t\t\t\t\t<p>OMEGA Travels&#8217;da, ara\u00e7 filomuz her m\u00fc\u015fteriye sundu\u011fumuz y\u00fcksek standartlar\u0131 yans\u0131tmaktad\u0131r. Her ara\u00e7, konforu, g\u00fcvenli\u011fi ve \u00fcst\u00fcn \u00f6zellikleri nedeniyle \u00f6zenle se\u00e7ilmi\u015ftir ve her durumda kusursuz bir deneyim sunar. \u0130ster tek ba\u015f\u0131n\u0131za, ister \u00e7ift olarak, ailenizle veya i\u015f grubunuzla seyahat edin, ihtiya\u00e7lar\u0131n\u0131z\u0131 kar\u015f\u0131layacak m\u00fckemmel arac\u0131m\u0131z mevcuttur.<\/p>\t\t\t\t\t\t\t\t<\/div>\n\t\t\t\t<div class=\"elementor-element elementor-element-0f84fcf elementor-widget__width-initial sc_fly_static elementor-widget elementor-widget-text-editor\" data-id=\"0f84fcf\" data-element_type=\"widget\" data-e-type=\"widget\" data-widget_type=\"text-editor.default\">\n\t\t\t\t\t\t\t\t\t<p>Filo ara\u00e7lar\u0131m\u0131z modern, bak\u0131ml\u0131 ve en son teknolojiye sahip donan\u0131mlarla donat\u0131lm\u0131\u015ft\u0131r \u2014 klima, geni\u015f i\u00e7 mekanlar, deri koltuklar ve talep \u00fczerine Wi-Fi gibi. \u015e\u0131k sedanlardan y\u00f6netici minib\u00fcslerine ve l\u00fcks minib\u00fcslere kadar, her seferinde konforlu ve \u015f\u0131k bir yolculuk garantisi veriyoruz.<\/p>\t\t\t\t\t\t\t\t<\/div>\n\t\t\t\t<\/div>\n\t\t\t\t\t<\/div>\n\t\t\t\t<\/div>\n\t\t<div class=\"e-con-gap-no elementor-element elementor-element-6f4d45b animation_type_sequental e-flex e-con-boxed sc_layouts_column_icons_position_left elementor-invisible e-con e-parent\" data-animation-type=\"sequental\" data-animation-stagger=\"\" data-id=\"6f4d45b\" data-element_type=\"container\" data-e-type=\"container\" data-settings=\"{&quot;animation&quot;:&quot;elite-fadeinup&quot;,&quot;animation_delay&quot;:100}\">\n\t\t\t\t\t<div class=\"e-con-inner\">\n\t\t<div class=\"elementor-element elementor-element-5cffe5f e-con-full e-flex sc_layouts_column_icons_position_left e-con e-child\" data-id=\"5cffe5f\" data-element_type=\"container\" data-e-type=\"container\">\n\t\t\t\t<div class=\"elementor-element elementor-element-cd5bfff sc_fly_static elementor-widget elementor-widget-image-carousel\" data-id=\"cd5bfff\" data-element_type=\"widget\" data-e-type=\"widget\" data-settings=\"{&quot;slides_to_show&quot;:&quot;1&quot;,&quot;navigation&quot;:&quot;none&quot;,&quot;autoplay_speed&quot;:3500,&quot;autoplay&quot;:&quot;yes&quot;,&quot;infinite&quot;:&quot;yes&quot;,&quot;effect&quot;:&quot;slide&quot;,&quot;speed&quot;:500}\" data-widget_type=\"image-carousel.default\">\n\t\t\t\t\t\t\t<div class=\"elementor-image-carousel-wrapper swiper\" role=\"region\" aria-roledescription=\"carousel\" aria-label=\"Image Carousel\" dir=\"ltr\">\n\t\t\t<div class=\"elementor-image-carousel swiper-wrapper\" aria-live=\"off\">\n\t\t\t\t\t\t\t\t<div class=\"swiper-slide\" role=\"group\" aria-roledescription=\"slide\" aria-label=\"1 \/ 4\"><figure class=\"swiper-slide-inner\"><img decoding=\"async\" class=\"swiper-slide-image\" src=\"https:\/\/omegatravels.gr\/wp-content\/uploads\/2025\/07\/omega-travels-van-2.jpg\" alt=\"omega-travels-van-2\" \/><\/figure><\/div><div class=\"swiper-slide\" role=\"group\" aria-roledescription=\"slide\" aria-label=\"2 \/ 4\"><figure class=\"swiper-slide-inner\"><img decoding=\"async\" class=\"swiper-slide-image\" src=\"https:\/\/omegatravels.gr\/wp-content\/uploads\/2025\/07\/omega-travels-van-4.jpg\" alt=\"omega-travels-van-4\" \/><\/figure><\/div><div class=\"swiper-slide\" role=\"group\" aria-roledescription=\"slide\" aria-label=\"3 \/ 4\"><figure class=\"swiper-slide-inner\"><img decoding=\"async\" class=\"swiper-slide-image\" src=\"https:\/\/omegatravels.gr\/wp-content\/uploads\/2025\/07\/omega-travels-van-1.jpg\" alt=\"omega-travels-van-1\" \/><\/figure><\/div><div class=\"swiper-slide\" role=\"group\" aria-roledescription=\"slide\" aria-label=\"4 \/ 4\"><figure class=\"swiper-slide-inner\"><img decoding=\"async\" class=\"swiper-slide-image\" src=\"https:\/\/omegatravels.gr\/wp-content\/uploads\/2025\/07\/omega-travels-van-3.jpg\" alt=\"omega-travels-van-3\" \/><\/figure><\/div>\t\t\t<\/div>\n\t\t\t\t\t\t\t\n\t\t\t\t\t\t\t\t\t<\/div>\n\t\t\t\t\t\t<\/div>\n\t\t\t\t<\/div>\n\t\t<div class=\"elementor-element elementor-element-5b86899 e-con-full e-flex sc_layouts_column_icons_position_left e-con e-child\" data-id=\"5b86899\" data-element_type=\"container\" data-e-type=\"container\">\n\t\t\t\t<div class=\"elementor-element elementor-element-22f6efe elementor-icon-list--layout-inline elementor-align-start elementor-widget-mobile__width-initial elementor-list-item-link-full_width sc_fly_static elementor-widget elementor-widget-icon-list\" data-id=\"22f6efe\" data-element_type=\"widget\" data-e-type=\"widget\" data-widget_type=\"icon-list.default\">\n\t\t\t\t\t\t\t<ul class=\"elementor-icon-list-items elementor-inline-items\">\n\t\t\t\t\t\t\t<li class=\"elementor-icon-list-item elementor-inline-item\">\n\t\t\t\t\t\t\t\t\t\t<span class=\"elementor-icon-list-text\">Otomatik<\/span>\n\t\t\t\t\t\t\t\t\t<\/li>\n\t\t\t\t\t\t\t\t<li class=\"elementor-icon-list-item elementor-inline-item\">\n\t\t\t\t\t\t\t\t\t\t<span class=\"elementor-icon-list-text\">9 Koltuk<\/span>\n\t\t\t\t\t\t\t\t\t<\/li>\n\t\t\t\t\t\t\t\t<li class=\"elementor-icon-list-item elementor-inline-item\">\n\t\t\t\t\t\t\t\t\t\t<span class=\"elementor-icon-list-text\">Dizel<\/span>\n\t\t\t\t\t\t\t\t\t<\/li>\n\t\t\t\t\t\t\t\t<li class=\"elementor-icon-list-item elementor-inline-item\">\n\t\t\t\t\t\t\t\t\t\t<span class=\"elementor-icon-list-text\">2000cc<\/span>\n\t\t\t\t\t\t\t\t\t<\/li>\n\t\t\t\t\t\t\t\t<li class=\"elementor-icon-list-item elementor-inline-item\">\n\t\t\t\t\t\t\t\t\t\t<span class=\"elementor-icon-list-text\">Klima (Clima)<\/span>\n\t\t\t\t\t\t\t\t\t<\/li>\n\t\t\t\t\t\t<\/ul>\n\t\t\t\t\t\t<\/div>\n\t\t\t\t<div class=\"elementor-element elementor-element-3949355 sc_fly_static elementor-widget elementor-widget-trx_sc_title\" data-id=\"3949355\" data-element_type=\"widget\" data-e-type=\"widget\" data-widget_type=\"trx_sc_title.default\">\n\t\t\t\t<div class=\"elementor-widget-container\">\n\t\t\t\t\t<div\t\tclass=\"sc_title sc_title_default\" ><h2 class=\"sc_item_title sc_title_title sc_item_title_style_default sc_item_title_tag\"\n\t\t\t><span class=\"sc_item_title_text\">Mercedes-Benz Vito<\/span><\/h2><\/div>\t\t\t\t<\/div>\n\t\t\t\t<\/div>\n\t\t\t\t<div class=\"elementor-element elementor-element-2009108 sc_fly_static elementor-widget elementor-widget-text-editor\" data-id=\"2009108\" data-element_type=\"widget\" data-e-type=\"widget\" data-widget_type=\"text-editor.default\">\n\t\t\t\t\t\t\t\t\t<p>Grup transferleri i\u00e7in m\u00fckemmel bir se\u00e7im olan Mercedes-Benz Vito, geni\u015f tasar\u0131m\u0131, \u00fcst\u00fcn konforu ve Alman m\u00fchendisli\u011fini bir araya getirir. 9 yolcuya kadar oturma kapasitesine sahip bu ara\u00e7, aile gezileri, i\u015f ekipleri veya havaalan\u0131 transferleri i\u00e7in idealdir. G\u00fc\u00e7l\u00fc 2000 cc dizel motor, sorunsuz ve verimli bir s\u00fcr\u00fc\u015f sa\u011flarken, otomatik \u015fanz\u0131man \u015fehir i\u00e7i ve uzun mesafeli rotalarda zahmetsiz bir s\u00fcr\u00fc\u015f sunar.<\/p>\t\t\t\t\t\t\t\t<\/div>\n\t\t\t\t<div class=\"elementor-element elementor-element-4ae1c2a sc_fly_static elementor-widget elementor-widget-text-editor\" data-id=\"4ae1c2a\" data-element_type=\"widget\" data-e-type=\"widget\" data-widget_type=\"text-editor.default\">\n\t\t\t\t\t\t\t\t\t<p>Tam iklim kontrol\u00fc, geni\u015f bagaj alan\u0131 ve sessiz kabini ile donat\u0131lm\u0131\u015f Vito, her yolculuk i\u00e7in rahat ve profesyonel bir ortam sunar. \u0130ster Yunanistan&#8217;\u0131 ke\u015ffediyor ister s\u0131n\u0131rlar\u0131 a\u015f\u0131yor olun, bu minib\u00fcs her ad\u0131mda konfor, g\u00fcvenlik ve \u00e7ok y\u00f6nl\u00fcl\u00fck sa\u011flar.<\/p>\t\t\t\t\t\t\t\t<\/div>\n\t\t\t\t<\/div>\n\t\t\t\t\t<\/div>\n\t\t\t\t<\/div>\n\t\t\t\t<\/div>\n\t\t","protected":false},"excerpt":{"rendered":"<p>\u00d6zenle Se\u00e7ilmi\u015f Filomuzla Birinci S\u0131n\u0131f Seyahat Edin Konfor, stil ve performans OMEGA Travels&#8217;da, ara\u00e7 filomuz her m\u00fc\u015fteriye sundu\u011fumuz y\u00fcksek standartlar\u0131 yans\u0131tmaktad\u0131r. Her ara\u00e7, konforu, g\u00fcvenli\u011fi ve \u00fcst\u00fcn \u00f6zellikleri nedeniyle \u00f6zenle se\u00e7ilmi\u015ftir ve&hellip;<\/p>\n","protected":false},"author":1,"featured_media":0,"parent":0,"menu_order":0,"comment_status":"closed","ping_status":"closed","template":"","meta":{"footnotes":""},"class_list":["post-66843","page","type-page","status-publish","hentry"],"_links":{"self":[{"href":"https:\/\/omegatravels.gr\/tr\/wp-json\/wp\/v2\/pages\/66843","targetHints":{"allow":["GET"]}}],"collection":[{"href":"https:\/\/omegatravels.gr\/tr\/wp-json\/wp\/v2\/pages"}],"about":[{"href":"https:\/\/omegatravels.gr\/tr\/wp-json\/wp\/v2\/types\/page"}],"author":[{"embeddable":true,"href":"https:\/\/omegatravels.gr\/tr\/wp-json\/wp\/v2\/users\/1"}],"replies":[{"embeddable":true,"href":"https:\/\/omegatravels.gr\/tr\/wp-json\/wp\/v2\/comments?post=66843"}],"version-history":[{"count":4,"href":"https:\/\/omegatravels.gr\/tr\/wp-json\/wp\/v2\/pages\/66843\/revisions"}],"predecessor-version":[{"id":66848,"href":"https:\/\/omegatravels.gr\/tr\/wp-json\/wp\/v2\/pages\/66843\/revisions\/66848"}],"wp:attachment":[{"href":"https:\/\/omegatravels.gr\/tr\/wp-json\/wp\/v2\/media?parent=66843"}],"curies":[{"name":"wp","href":"https:\/\/api.w.org\/{rel}","templated":true}]}}